{"id":153,"date":"2022-10-23T20:36:27","date_gmt":"2022-10-23T20:36:27","guid":{"rendered":"https:\/\/aic2023.geo.unibuc.ro\/?page_id=153"},"modified":"2022-11-03T19:27:15","modified_gmt":"2022-11-03T19:27:15","slug":"visas","status":"publish","type":"page","link":"https:\/\/aic2023.geo.unibuc.ro\/en\/visas\/","title":{"rendered":"VISAS"},"content":{"rendered":"<p class=\"has-text-align-center has-black-color has-pale-cyan-blue-background-color has-text-color has-background has-medium-font-size\"><strong>VISA-RELATED INFORMATION<\/strong><\/p>\n\n\n\n<p class=\"has-black-color has-text-color\">Romania is a member of the European Union, but it does not belong to the Schengen Area. Participants from countries who need a visa to enter Romania are kindly asked to see the website of the Ministry of Foreign Affairs (<a rel=\"noreferrer noopener\" href=\"http:\/\/www.mae.ro\/en\/node\/2035http:\/www.mae.ro\/en\/node\/2035\" target=\"_blank\">http:\/\/www.mae.ro\/en\/node\/2035<\/a>) and contact the nearest Romanian Embassy or Consulate, for detailed information on visa requirement.<\/p>\n\n\n\n<p class=\"has-vivid-cyan-blue-color has-text-color\"><strong>The conference participants are solely responsible to obtain a valid entry visa to Romania.<\/strong> <strong>Please be aware that all the information given is likely to be transmitted to the Romanian Ministry of Foreign Affairs.<\/strong><\/p>\n\n\n\n<p class=\"has-vivid-cyan-blue-color has-text-color\"><strong>The organizers <u>have no financial responsibilities and will not provide any written guarantee of cost coverage to participants<\/u>. <u>They do not undertake to obtain visas on behalf of participants.<\/u> The organizers will provide, upon request, letters of invitation necessary for visa applications, certifying acceptance of the scientific work proposed for the conference.<\/strong><\/p>","protected":false},"excerpt":{"rendered":"<p>INFORMATIONS SUR LES VISAS La Roumanie est membre de l&rsquo;Union Europ\u00e9enne mais elle ne fait pas partie de l&rsquo;espace Schengen. Les participants des pays n\u00e9cessitant un visa pour entrer en Roumanie devront consulter le site internet du Minist\u00e8re des Affaires<\/p>","protected":false},"author":1,"featured_media":0,"parent":0,"menu_order":0,"comment_status":"closed","ping_status":"closed","template":"","meta":{"footnotes":""},"class_list":["post-153","page","type-page","status-publish","hentry"],"_links":{"self":[{"href":"https:\/\/aic2023.geo.unibuc.ro\/en\/wp-json\/wp\/v2\/pages\/153","targetHints":{"allow":["GET"]}}],"collection":[{"href":"https:\/\/aic2023.geo.unibuc.ro\/en\/wp-json\/wp\/v2\/pages"}],"about":[{"href":"https:\/\/aic2023.geo.unibuc.ro\/en\/wp-json\/wp\/v2\/types\/page"}],"author":[{"embeddable":true,"href":"https:\/\/aic2023.geo.unibuc.ro\/en\/wp-json\/wp\/v2\/users\/1"}],"replies":[{"embeddable":true,"href":"https:\/\/aic2023.geo.unibuc.ro\/en\/wp-json\/wp\/v2\/comments?post=153"}],"version-history":[{"count":7,"href":"https:\/\/aic2023.geo.unibuc.ro\/en\/wp-json\/wp\/v2\/pages\/153\/revisions"}],"predecessor-version":[{"id":286,"href":"https:\/\/aic2023.geo.unibuc.ro\/en\/wp-json\/wp\/v2\/pages\/153\/revisions\/286"}],"wp:attachment":[{"href":"https:\/\/aic2023.geo.unibuc.ro\/en\/wp-json\/wp\/v2\/media?parent=153"}],"curies":[{"name":"wp","href":"https:\/\/api.w.org\/{rel}","templated":true}]}}