{"id":2,"date":"2022-09-26T04:54:36","date_gmt":"2022-09-26T04:54:36","guid":{"rendered":"https:\/\/aic2023.geo.unibuc.ro\/?page_id=2"},"modified":"2023-06-21T07:25:42","modified_gmt":"2023-06-21T07:25:42","slug":"comites","status":"publish","type":"page","link":"https:\/\/aic2023.geo.unibuc.ro\/en\/comites\/","title":{"rendered":"COMMITTEES"},"content":{"rendered":"<p class=\"has-text-align-center has-black-color has-pale-cyan-blue-background-color has-text-color has-background has-medium-font-size\"><strong>SCIENTIFIC AND ORGANISING COMMITTEES<\/strong><\/p>\n\n\n<p style=\"margin: 0cm;\"><strong><span lang=\"FR\" style=\"font-size: 10pt; font-family: Arial, sans-serif; color: #000000;\">RESPONSIBLES\u00a0<\/span><\/strong><\/p>\n<p style=\"margin: 0cm;\"><span lang=\"FR\" style=\"font-size: 10pt; font-family: Arial, sans-serif; color: #000000;\">Chair: ZAHARIA Liliana (University of Bucharest, Faculty of Geography)\u00a0<\/span><\/p>\n<p style=\"margin: 0cm;\"><span lang=\"FR\" style=\"font-size: 10pt; font-family: Arial, sans-serif; color: #000000;\">Co-chairs: TI\u0218COVSCHI Adrian, IONAC Nicoleta, IOANA-TOROIMAC Gabriela and CONSTANTIN Dana (University of Bucharest, Faculty of Geography)\u00a0<\/span><\/p>\n<p>\u00a0<\/p>\n<p style=\"margin: 0cm;\"><span lang=\"FR\" style=\"font-size: 10.0pt; font-family: 'Arial',sans-serif; mso-ansi-language: FR;\"><span style=\"color: #000000;\"><!-- \/wp:post-content --><!-- wp:paragraph --><strong>INTERNATIONAL SCIENTIFIC COMMITTEE<\/strong><\/span><br \/><span style=\"color: #000000;\">BELLEFLAMME Alexandre (Centre de recherche de J\u00fclich, Deutschland)<\/span><br \/><span style=\"color: #000000;\">BEN BOUBAKER Habib (Universit\u00e9 de la Manouba, Tunisia)<\/span><br \/><span style=\"color: #000000;\">BIGOT Sylvain (Universit\u00e9 Grenoble-Alpes, France)<\/span><br \/><span style=\"color: #000000;\">BONNARDOT Val\u00e9rie (Universit\u00e9 Rennes 2, France)<\/span><br \/><span style=\"color: #000000;\">CAMBERLIN Pierre (Universit\u00e9 de Bourgogne, France)<\/span><br \/><span style=\"color: #000000;\">CANTAT Olivier (Universit\u00e9 de Caen Normandie, France)<\/span><br \/><span style=\"color: #000000;\">CARREGA Pierre (\u00e9m\u00e9rite Universit\u00e9 de Nice, France)<\/span><br \/><span style=\"color: #000000;\">CHARFI Sami (Universit\u00e9 de Sfax, Tunisia)<\/span><br \/><span style=\"color: #000000;\">DAHECH Salem (Universit\u00e9 Paris Cit\u00e9, France)<\/span><br \/><span style=\"color: #000000;\">DOUTRELOUP S\u00e9bastien (Universit\u00e9 de Li\u00e8ge, Belgium)<\/span><br \/><span style=\"color: #000000;\">DROUIN Agathe (M\u00e9t\u00e9o France, France)<\/span><br \/><span style=\"color: #000000;\">DUBREUIL Vincent (Universit\u00e9 Rennes 2, France)<\/span><br \/><span style=\"color: #000000;\">ELY Deise Fabiana (Universit\u00e9 Londrina, Brazil)<\/span><br \/><span style=\"color: #000000;\">EL MELKI Taoufik (Universit\u00e9 de La Manouba, Tunisia)<\/span><br \/><span style=\"color: #000000;\">FALLOT Jean-Michel (Universit\u00e9 de Lausanne, Switzerland)<\/span><br \/><span style=\"color: #000000;\">FORTIN Guillaume (Universit\u00e9 de Moncton, Canada)<\/span><br \/><span style=\"color: #000000;\">HENIA Latifa (Universit\u00e9 de Tunis, Tunisia)\u00a0<\/span><br \/><span style=\"color: #000000;\">HOARAU Karl (Universit\u00e9 de Cergy-Pontoise, France)<\/span><br \/><span style=\"color: #000000;\">HOLOBACA Iulian (Universit\u00e9 de Cluj-Napoca, Romania)<\/span><br \/><span style=\"color: #000000;\">JOLY Daniel (Universit\u00e9 de Franche-Comt\u00e9, France)<\/span><br \/><span style=\"color: #000000;\">KASTENDEUCH Pierre (Universit\u00e9 de Strasbourg, France)<\/span><br \/><span style=\"color: #000000;\">KERMADI Saida (Universit\u00e9 de Lyon 2, France)<\/span><br \/><span style=\"color: #000000;\">MADELIN Malika (Universit\u00e9 Paris Cit\u00e9, France)<\/span><br \/><span style=\"color: #000000;\">MAHERAS Panagiotis (Universit\u00e9 de Thessalonique, Greece)<\/span><br \/><span style=\"color: #000000;\">MARTIN Nicolas (Universit\u00e9 de Nice, France)<\/span><br \/><span style=\"color: #000000;\">MENDONCA Francisco (Universit\u00e9 F\u00e9d\u00e9rale de Parana, Brazil)<\/span><br \/><span style=\"color: #000000;\">MORON Vincent (Universit\u00e9 Aix-Marseille, France)<\/span><br \/><span style=\"color: #000000;\">PAUL Patrice (Retrait\u00e9 Universit\u00e9 de Strasbourg, France)\u00a0<\/span><br \/><span style=\"color: #000000;\">QUENOL Herv\u00e9 (CNRS-Universit\u00e9 Rennes 2, France)<\/span><br \/><span style=\"color: #000000;\">RICHARD Yves (Universit\u00e9 de Bourgogne, France)<\/span><br \/><span style=\"color: #000000;\">ROME Sandra (Universit\u00e9 Grenoble-Alpes, France)<\/span><br \/><span style=\"color: #000000;\">SAGNA Pascal (Universit\u00e9 de Cheick Anta Diop, Dakar, Senegal)\u00a0<\/span><\/span><\/p>\n<p style=\"margin: 0cm;\"><span lang=\"FR\" style=\"font-size: 10.0pt; font-family: 'Arial',sans-serif; mso-ansi-language: FR;\"><span style=\"color: #000000;\">SF\u00ceC\u0102 Lucian (Universit\u00e9 \u00ab Alexandru Ioan Cuza \u00bb de Ia\u0219i, Roumanie)<\/span><br \/><span style=\"color: #000000;\">SOUBEYROUX Jean-Michel (M\u00e9t\u00e9o-France Toulouse, France)<\/span><br \/><span style=\"color: #000000;\">TRABOULSI Myriam (Universit\u00e9 Libanaise, Liban)<\/span><br \/><span style=\"color: #000000;\">TSIAVAHANANAHARY Jorlin\u00a0(Universit\u00e9 de Mahajanga, Madagascar)<\/span><br \/><span style=\"color: #000000;\">ULLMAN Albin (Universit\u00e9 de Bourgogne, France)\u00a0<\/span><br \/><span style=\"color: #000000;\">VISSIN Exp\u00e9dit (Universit\u00e9 d\u2019Abomey-Calavi, Benin)<\/span><\/span><\/p>\n<p>\u00a0<\/p>\n<p style=\"margin: 0cm;\"><strong><span lang=\"FR\" style=\"font-size: 10pt; font-family: Arial, sans-serif; color: #000000;\">INTERNATIONAL ORGANISING COMMITTEE\u00a0<\/span><\/strong><\/p>\n<p style=\"margin: 0cm;\"><span lang=\"FR\" style=\"font-size: 10pt; font-family: Arial, sans-serif; color: #000000;\">BIGOT Sylvain (Universit\u00e9 Grenoble-Alpes, France)\u00a0<\/span><\/p>\n<p style=\"margin: 0cm;\"><span lang=\"FR\" style=\"font-size: 10pt; font-family: Arial, sans-serif; color: #000000;\">BONNARDOT Val\u00e9rie (Universit\u00e9 Rennes II, France)<\/span><\/p>\n<p style=\"margin: 0cm;\"><span style=\"color: #000000;\"><span lang=\"FR\" style=\"font-size: 10.0pt; font-family: 'Arial',sans-serif; mso-ansi-language: FR;\">ROME Sandra (Universit\u00e9 <\/span><span lang=\"FR\" style=\"font-size: 10.0pt; font-family: 'Arial',sans-serif; mso-ansi-language: FR;\">Grenoble-Alpes, France)\u00a0<\/span><\/span><\/p>\n<p style=\"margin: 0cm;\"><span style=\"color: #000000;\"><span lang=\"FR\" style=\"font-size: 10pt; font-family: Arial, sans-serif;\">SOUBEYROUX<\/span><span lang=\"FR\" style=\"font-size: 10pt; font-family: Arial, sans-serif;\"> Jean-Michel (M\u00e9t\u00e9o-France Toulouse, France)<\/span><\/span><\/p>\n<p>\u00a0<\/p>\n<p style=\"margin: 0cm;\"><strong><span style=\"color: #000000;\"><span style=\"font-family: Arial, sans-serif; font-size: 10pt;\">LOCAL SCIENTIFIC AND ORGANISING COMMITTEE\u00a0<\/span><span lang=\"FR\" style=\"font-size: 10.0pt; font-family: 'Arial',sans-serif; mso-ansi-language: FR;\">(ROMANIA) <\/span><\/span><\/strong><\/p>\n<p style=\"margin: 0cm;\"><span lang=\"FR\" style=\"font-size: 10pt; font-family: Arial, sans-serif; color: #000000;\">COM\u0102NESCU Laura, Vice-Rector, University of Bucharest <\/span><\/p>\n<p style=\"margin: 0cm;\"><span lang=\"FR\" style=\"font-size: 10pt; font-family: Arial, sans-serif; color: #000000;\">NEDELEA Alexandru, Dean, Faculty of Geography, University of Bucharest <\/span><\/p>\n<p style=\"margin: 0cm;\"><span lang=\"FR\" style=\"font-size: 10pt; font-family: Arial, sans-serif; color: #000000;\">BANDOC Georgeta, Vice-Dean, Faculty of Geography, University of Bucharest <\/span><\/p>\n<p style=\"margin: 0cm;\"><span lang=\"FR\" style=\"font-size: 10pt; font-family: Arial, sans-serif; color: #000000;\">TI\u0218COVSCHI Adrian, Director of Department of Meteorology-Hydrology, Faculty of Geography, University of Bucharest <\/span><\/p>\n<p style=\"margin: 0cm;\"><span lang=\"FR\" style=\"font-size: 10pt; font-family: Arial, sans-serif; color: #000000;\">B\u0102LTEANU Dan, Director, Institute of Geography, Romanian Academy <\/span><\/p>\n<p style=\"margin: 0cm;\"><span lang=\"FR\" style=\"font-size: 10pt; font-family: Arial, sans-serif; color: #000000;\">MATEESCU Elena, General Director, National Administration of Meteorology <\/span><\/p>\n<p style=\"margin: 0cm;\"><span lang=\"FR\" style=\"font-size: 10pt; font-family: Arial, sans-serif; color: #000000;\">\u021aUCHIU Elena, Director of Department for European Integrated Management of Water Resources, National Administration \"Romanian Waters\" <\/span><\/p>\n<p style=\"margin: 0cm;\"><span lang=\"FR\" style=\"font-size: 10pt; font-family: Arial, sans-serif; color: #000000;\">CHENDE\u0218 Viorel, Scientific Director, National Institute of Hydrology and Water Management <\/span><\/p>\n<p style=\"margin: 0cm;\"><span lang=\"FR\" style=\"font-size: 10pt; font-family: Arial, sans-serif; color: #000000;\">Members of Department of Meteorology-Hydrology, Faculty of Geography, University of Bucharest <\/span><\/p>\n<p style=\"margin: 0cm;\"><span lang=\"FR\" style=\"font-size: 10pt; font-family: Arial, sans-serif; color: #000000;\">\u00a0 \u00a0 \u00a0IONAC Nicoleta <\/span><\/p>\n<p style=\"margin: 0cm;\"><span lang=\"FR\" style=\"font-size: 10pt; font-family: Arial, sans-serif; color: #000000;\">\u00a0 \u00a0 \u00a0ZAHARIA Liliana <\/span><\/p>\n<p style=\"margin: 0cm;\"><span lang=\"FR\" style=\"font-size: 10pt; font-family: Arial, sans-serif; color: #000000;\">\u00a0 \u00a0 \u00a0M\u0102NOIU Valentina Mariana <\/span><\/p>\n<p style=\"margin: 0cm;\"><span lang=\"FR\" style=\"font-size: 10pt; font-family: Arial, sans-serif; color: #000000;\">\u00a0 \u00a0 \u00a0CONSTANTIN Dana <\/span><\/p>\n<p style=\"margin: 0cm;\"><span lang=\"FR\" style=\"font-size: 10pt; font-family: Arial, sans-serif; color: #000000;\">\u00a0 \u00a0 \u00a0IOANA-TOROIMAC Gabriela <\/span><\/p>\n<p style=\"margin: 0cm;\"><span lang=\"FR\" style=\"font-size: 10pt; font-family: Arial, sans-serif; color: #000000;\">\u00a0 \u00a0 \u00a0IORDACHE \u0218tefan <\/span><\/p>\n<p style=\"margin: 0cm;\"><span lang=\"FR\" style=\"font-size: 10pt; font-family: Arial, sans-serif; color: #000000;\">\u00a0 \u00a0 \u00a0SIMION Bianca <\/span><\/p>\n<p style=\"margin: 0cm;\"><span lang=\"FR\" style=\"font-size: 10pt; font-family: Arial, sans-serif; color: #000000;\">\u00a0 \u00a0 \u00a0STRAT Daniela <\/span><\/p>\n<p style=\"margin: 0cm;\"><span lang=\"FR\" style=\"font-size: 10pt; font-family: Arial, sans-serif; color: #000000;\">\u00a0 \u00a0 \u00a0T\u0102TUI Florin <\/span><\/p>\n<p style=\"margin: 0cm;\"><span lang=\"FR\" style=\"font-size: 10pt; font-family: Arial, sans-serif; color: #000000;\">\u00a0 \u00a0 \u00a0GRIGORE Elena <\/span><\/p>\n<p style=\"margin: 0cm;\"><span lang=\"FR\" style=\"font-size: 10pt; font-family: Arial, sans-serif; color: #000000;\">\u00a0 \u00a0 \u00a0DOBRE Mihaela (Secretary) <\/span><\/p>\n<p style=\"margin: 0cm;\"><span lang=\"FR\" style=\"font-size: 10pt; font-family: Arial, sans-serif; color: #000000;\">SUDITU Bogdan (Department of Human and Economic Geography, Faculty of Geography, University of Bucharest)<\/span><\/p>\n<p style=\"margin: 0cm;\"><span lang=\"FR\" style=\"font-size: 10pt; font-family: Arial, sans-serif; color: #000000;\">TUDORICU Anca (Department of Human and Economic Geography, Faculty of Geography, University of Bucharest; UNIVERSITUR Association) \u2013 financial responsible <\/span><\/p>\n<p style=\"margin: 0cm;\"><span lang=\"FR\" style=\"font-size: 10pt; font-family: Arial, sans-serif; color: #000000;\">S\u0102NDULACHE Iulian (Department of geomorphology, pedology, geomatics, Faculty\nof Geography, University of Bucharest) <\/span><\/p>\n<p style=\"margin: 0cm;\"><span lang=\"FR\" style=\"font-size: 10pt; font-family: Arial, sans-serif; color: #000000;\">S\u0102FTOIU Lumini\u021ba (Department of geomorphology, pedology, geomatics, Faculty of Geography, University of Bucharest, Secretary)<\/span><\/p>\n<p style=\"margin: 0cm;\"><span lang=\"FR\" style=\"font-size: 10pt; font-family: Arial, sans-serif; color: #000000;\">DUMITRA\u0218CU Monica, SIMA Mihaela, MORO\u0218ANU Gabriela-Adina (Institute of Geography, Romanian Academy) <\/span><\/p>\n<p style=\"margin: 0cm;\"><span lang=\"FR\" style=\"font-size: 10pt; font-family: Arial, sans-serif; color: #000000;\">BRE\u021aCAN Petre, MUR\u0102RESCU Ovidiu (\"Valahia\" University, T\u00e2rgovi\u0219te; Romanian Association of Limnogeography)\u00a0<\/span><\/p>\n<p style=\"margin: 0cm;\"><span lang=\"FR\" style=\"font-size: 10pt; font-family: Arial, sans-serif; color: #000000;\">MINCU Florentina, NECULAU Gianina (National Institute of Hydrology and Water Management)<\/span><\/p>\n<p class=\"MsoNormal\" style=\"margin-bottom: 0cm; line-height: normal;\"><span lang=\"FR\" style=\"mso-ansi-language: FR;\">\u00a0<\/span><\/p>","protected":false},"excerpt":{"rendered":"<p>COMITES SCIENTIFIQUES ET D\u2019ORGANISATION RESPONSABLES DU COLLOQUE\u00a0 Coordinatrice : ZAHARIA Liliana (Universit\u00e9 de Bucarest, Facult\u00e9 de G\u00e9ographie)\u00a0 Co-responsables : TI\u0218COVSCHI Adrian, IONAC Nicoleta, IOANA-TOROIMAC Gabriela et CONSTANTIN Dana (Universit\u00e9 de Bucarest, Facult\u00e9 de G\u00e9ographie)\u00a0 \u00a0 COMITE SCIENTIFIQUE INTERNATIONALBELLEFLAMME Alexandre (Centre<\/p>","protected":false},"author":1,"featured_media":0,"parent":0,"menu_order":0,"comment_status":"closed","ping_status":"open","template":"","meta":{"footnotes":""},"class_list":["post-2","page","type-page","status-publish","hentry"],"_links":{"self":[{"href":"https:\/\/aic2023.geo.unibuc.ro\/en\/wp-json\/wp\/v2\/pages\/2","targetHints":{"allow":["GET"]}}],"collection":[{"href":"https:\/\/aic2023.geo.unibuc.ro\/en\/wp-json\/wp\/v2\/pages"}],"about":[{"href":"https:\/\/aic2023.geo.unibuc.ro\/en\/wp-json\/wp\/v2\/types\/page"}],"author":[{"embeddable":true,"href":"https:\/\/aic2023.geo.unibuc.ro\/en\/wp-json\/wp\/v2\/users\/1"}],"replies":[{"embeddable":true,"href":"https:\/\/aic2023.geo.unibuc.ro\/en\/wp-json\/wp\/v2\/comments?post=2"}],"version-history":[{"count":16,"href":"https:\/\/aic2023.geo.unibuc.ro\/en\/wp-json\/wp\/v2\/pages\/2\/revisions"}],"predecessor-version":[{"id":462,"href":"https:\/\/aic2023.geo.unibuc.ro\/en\/wp-json\/wp\/v2\/pages\/2\/revisions\/462"}],"wp:attachment":[{"href":"https:\/\/aic2023.geo.unibuc.ro\/en\/wp-json\/wp\/v2\/media?parent=2"}],"curies":[{"name":"wp","href":"https:\/\/api.w.org\/{rel}","templated":true}]}}