{"id":215,"date":"2022-10-31T10:33:19","date_gmt":"2022-10-31T10:33:19","guid":{"rendered":"https:\/\/aic2023.geo.unibuc.ro\/?page_id=215"},"modified":"2022-12-08T10:24:15","modified_gmt":"2022-12-08T10:24:15","slug":"soumission-des-resumes-dintention","status":"publish","type":"page","link":"https:\/\/aic2023.geo.unibuc.ro\/en\/soumission-des-resumes-dintention\/","title":{"rendered":"INTENT ABSTRACT SUBMISSION"},"content":{"rendered":"<p><span style=\"color: #000000;\">Before <b> <\/span><span style=\"color: #ff0000;\"><strong>11<\/strong><\/span><span style=\"color: #000000;\"><b><span style=\"color: #ff0000;\">\u00a0December 2022<\/span>, <\/b>the authors are invited to submit <b>a short (intent) abstract<\/b> of their proposed presentation (2000 characters maximum, no space) in French or in English, <b><span style=\"color: #ff0000;\">to the conference e-mail <\/span><\/b><b><a style=\"color: #000000;\" href=\"mailto:aic2023bucarest@gmail.com\"><span style=\"color: #0000ff;\">aic2023bucarest@gmail.com<\/span><\/a><\/b><b>.<\/b><\/span><\/p>\n<p><span style=\"color: #000000;\"><b>Download the <a href=\"https:\/\/aic2023.geo.unibuc.ro\/wp-content\/uploads\/2022\/12\/Registration-form-abstract_en_ext.docx\" target=\"_blank\" rel=\"noopener\"><span style=\"color: #0000ff;\">Submission Form<\/span><\/a>. <\/b><\/span><\/p>\n<p><span style=\"color: #ff0000;\"><b>Participants may only submit one presentation as first contributing author. <\/b><\/span><\/p>\n<p class=\" translation-block\"><span style=\"color: #000000\">Intent abstracts will be subject to a review process by the scientific committee and the authors will be notified by <b>January 10, 2023<\/b> about the status of their submission.<\/span><\/p>\n<p><span style=\"color: #000000;\">Should you have any questions in this respect, please do not hesitate to contact us.<\/span><\/p>","protected":false},"excerpt":{"rendered":"<p>Avant le 11\u00a0d\u00e9cembre 2022, les auteurs sont invit\u00e9s \u00e0\u00a0soumettre les r\u00e9sum\u00e9s d\u2019intention des communications\u00a0propos\u00e9es (2000\u00a0 caract\u00e8res \u00a0maximum, sans\u00a0espaces), en fran\u00e7ais ou en anglais, \u00e0 l\u2019adresse e-mail\u00a0du colloque aic2023bucarest@gmail.com. T\u00e9l\u00e9charger la Fiche d&rsquo;inscription. Les participants ne pourront proposer qu\u2019une seule communication<\/p>","protected":false},"author":1,"featured_media":0,"parent":0,"menu_order":0,"comment_status":"closed","ping_status":"closed","template":"","meta":{"footnotes":""},"class_list":["post-215","page","type-page","status-publish","hentry"],"_links":{"self":[{"href":"https:\/\/aic2023.geo.unibuc.ro\/en\/wp-json\/wp\/v2\/pages\/215","targetHints":{"allow":["GET"]}}],"collection":[{"href":"https:\/\/aic2023.geo.unibuc.ro\/en\/wp-json\/wp\/v2\/pages"}],"about":[{"href":"https:\/\/aic2023.geo.unibuc.ro\/en\/wp-json\/wp\/v2\/types\/page"}],"author":[{"embeddable":true,"href":"https:\/\/aic2023.geo.unibuc.ro\/en\/wp-json\/wp\/v2\/users\/1"}],"replies":[{"embeddable":true,"href":"https:\/\/aic2023.geo.unibuc.ro\/en\/wp-json\/wp\/v2\/comments?post=215"}],"version-history":[{"count":9,"href":"https:\/\/aic2023.geo.unibuc.ro\/en\/wp-json\/wp\/v2\/pages\/215\/revisions"}],"predecessor-version":[{"id":367,"href":"https:\/\/aic2023.geo.unibuc.ro\/en\/wp-json\/wp\/v2\/pages\/215\/revisions\/367"}],"wp:attachment":[{"href":"https:\/\/aic2023.geo.unibuc.ro\/en\/wp-json\/wp\/v2\/media?parent=215"}],"curies":[{"name":"wp","href":"https:\/\/api.w.org\/{rel}","templated":true}]}}