{"id":218,"date":"2022-10-31T10:33:55","date_gmt":"2022-10-31T10:33:55","guid":{"rendered":"https:\/\/aic2023.geo.unibuc.ro\/?page_id=218"},"modified":"2023-02-03T18:36:53","modified_gmt":"2023-02-03T18:36:53","slug":"soumission-des-resumes-etendus-et-leur-publication","status":"publish","type":"page","link":"https:\/\/aic2023.geo.unibuc.ro\/en\/soumission-des-resumes-etendus-et-leur-publication\/","title":{"rendered":"SUBMISSION OF THE EXTENDED ABSTRACTS AND THEIR PUBLICATION"},"content":{"rendered":"<p><span style=\"color: #000000;\">After the authors had been notified whether their short (intent) abstracts have been accepted or not, the first author is expected to submit the extended abstract (<span style=\"color: #ff0000;\"><b>3 to 4 <\/b><b>\u00a0<\/b><b>pages maximum<\/b><\/span>, instructions <\/span><span style=\"color: #000000;\">and template below) before <span style=\"color: #ff0000;\"><b>February 26, 2023<\/b><\/span>. The extended abstract will be subject to a reviewing process by the scientific committee. <\/span><\/p>\n<p><span style=\"color: #ff0000;\"><b>Once the extended abstracts is accepted and confirmed, the contributing authors are kindly asked to pay the registration fees<\/b>.<\/span><\/p>\n<p><span style=\"color: #000000;\">All extended abstracts accepted by the scientific committee will be published in the <i>conference proceedings <\/i>which will be distributed in digital format to all participants.\u00a0<\/span><\/p>\n<p><span style=\"color: #ff0000;\"><b>These abstracts will only be published  if the first author (or the author attending the conference) pays the registration fee by the specified deadline<\/b><b>.<\/b><\/span><\/p>\n<p><a href=\"https:\/\/aic2023.geo.unibuc.ro\/wp-content\/uploads\/2023\/01\/EN_instructions_extended_abstract_AIC2023.docx\"><strong>Instructions extended abstract<\/strong><\/a><\/p>\n<p><a href=\"https:\/\/aic2023.geo.unibuc.ro\/wp-content\/uploads\/2023\/01\/EN_template_extended_abstract_AIC2023.docx\"><strong>Template extended abstract<\/strong><\/a><\/p>","protected":false},"excerpt":{"rendered":"<p>Apr\u00e8s notification aux auteurs des r\u00e9sum\u00e9s d\u2019intention accept\u00e9s, le premier auteur devra soumettre le r\u00e9sum\u00e9 \u00e9tendu (3 \u00e0 4 \u00a0pages maximum, selon les consignes et le mod\u00e8le d&rsquo;en bas) avant le 26 f\u00e9vrier 2023. Ce r\u00e9sum\u00e9 sera soumis \u00e0 un<\/p>","protected":false},"author":1,"featured_media":0,"parent":0,"menu_order":0,"comment_status":"closed","ping_status":"closed","template":"","meta":{"footnotes":""},"class_list":["post-218","page","type-page","status-publish","hentry"],"_links":{"self":[{"href":"https:\/\/aic2023.geo.unibuc.ro\/en\/wp-json\/wp\/v2\/pages\/218","targetHints":{"allow":["GET"]}}],"collection":[{"href":"https:\/\/aic2023.geo.unibuc.ro\/en\/wp-json\/wp\/v2\/pages"}],"about":[{"href":"https:\/\/aic2023.geo.unibuc.ro\/en\/wp-json\/wp\/v2\/types\/page"}],"author":[{"embeddable":true,"href":"https:\/\/aic2023.geo.unibuc.ro\/en\/wp-json\/wp\/v2\/users\/1"}],"replies":[{"embeddable":true,"href":"https:\/\/aic2023.geo.unibuc.ro\/en\/wp-json\/wp\/v2\/comments?post=218"}],"version-history":[{"count":9,"href":"https:\/\/aic2023.geo.unibuc.ro\/en\/wp-json\/wp\/v2\/pages\/218\/revisions"}],"predecessor-version":[{"id":416,"href":"https:\/\/aic2023.geo.unibuc.ro\/en\/wp-json\/wp\/v2\/pages\/218\/revisions\/416"}],"wp:attachment":[{"href":"https:\/\/aic2023.geo.unibuc.ro\/en\/wp-json\/wp\/v2\/media?parent=218"}],"curies":[{"name":"wp","href":"https:\/\/api.w.org\/{rel}","templated":true}]}}