{"id":247,"date":"2022-10-31T11:22:48","date_gmt":"2022-10-31T11:22:48","guid":{"rendered":"https:\/\/aic2023.geo.unibuc.ro\/?page_id=247"},"modified":"2023-06-27T08:27:33","modified_gmt":"2023-06-27T08:27:33","slug":"lieu-du-colloque-et-acces","status":"publish","type":"page","link":"https:\/\/aic2023.geo.unibuc.ro\/en\/lieu-du-colloque-et-acces\/","title":{"rendered":"LOCATION AND ACCESS"},"content":{"rendered":"<p><a href=\"https:\/\/aic2023.geo.unibuc.ro\/en\/lieu-du-colloque-et-acces\/?trp-edit-translation=true\">Translate Page<\/a><\/p>\n\n\n<p><span style=\"color: #000000;\">The conference will take place on the premises of the Faculty of Geography <\/span><span style=\"color: #000000;\">, University of Bucharest (3<sup>rd<\/sup> floor).<\/span><\/p>\n<p><span style=\"color: #000000;\">Adress: <a href=\"https:\/\/www.google.com\/maps\/place\/Faculty+of+Geography+of+the+University+of+Bucharest\/@44.436389,26.1021499,16.26z\/data=!4m6!3m5!1s0x40b1ff476c12ecd3:0x6da4f84851269ed1!8m2!3d44.4360092!4d26.1018097!16s%2Fg%2F120hzjj6\">1 Boulevard Nicolae Balcescu, District 1, Code 010041, Bucharest, Romania <\/a><\/span><span style=\"color: #000000;\">(click on the adress)<\/span><\/p>\n<p><span style=\"color: #000000;\">Bus stops:<\/span><\/p>\n<ul>\n<li><span style=\"color: #000000;\"><em>Piata 21 Decembrie\/Universitate<\/em> : 122, 137, 381, 783<\/span><\/li>\n<li><span style=\"color: #000000;\"><em>Universitate<\/em> : 201, 336, 61, 69, 70, 85, 90<\/span><\/li>\n<\/ul>\n<p><span style=\"color: #000000;\">Subway station:<\/span><\/p>\n<ul>\n<li><span style=\"color: #000000;\"><em>Universitate<\/em> (line M2)<\/span><\/li>\n<\/ul>\n<p><span style=\"color: #000000;\">Access to Bucharest from \u201cHenri Coanda\u201d International Airport in Otopeni<\/span><\/p>\n<ul>\n<li><span style=\"color: #000000;\">taxi \u2013 cca. 45\u2019 (15-20 euro)<\/span><\/li>\n<li><span style=\"color: #000000;\">bus (783) \u2013 cca. 45\u2019- 1h (2 euro)<\/span><\/li>\n<\/ul>\n<p><span style=\"color: #000000;\">The conference will be organized only if pandemic\/epidemic health care conditions in force on the date of the event will allow it.<\/span><\/p>\n\n\n<p><\/p>\n\n\n\n<p><mark style=\"background-color:rgba(0, 0, 0, 0)\" class=\"has-inline-color has-white-color\">x<\/mark><\/p>\n\n\n\n<p><mark style=\"background-color:rgba(0, 0, 0, 0)\" class=\"has-inline-color has-black-color\">The lunch on Monday will take place at the restaurant Caru' cu Bere.<\/mark><\/p>\n\n\n\n<p><mark style=\"background-color:rgba(0, 0, 0, 0)\" class=\"has-inline-color has-black-color\">Adress: <a href=\"https:\/\/www.google.com\/maps\/place\/Caru'+cu+bere\/@44.4330373,26.0944108,16.3z\/data=!4m6!3m5!1s0x40b1ff406bde77c1:0xca85c319d658a754!8m2!3d44.4320175!4d26.0981207!16s%2Fm%2F010wh6dt?entry=ttu\">5 Rue Strada Stavropoleos, Secteur 3, Code 030081, Bucarest, Roumanie<\/a> (click on the adress)<\/mark><\/p>\n\n\n\n<p><mark style=\"background-color:rgba(0, 0, 0, 0)\" class=\"has-inline-color has-black-color\">(15 minutes walking from the Faculty of Geography)<\/mark><\/p>\n\n\n\n<p><\/p>\n\n\n\n<p><\/p>\n\n\n\n<p><mark style=\"background-color:rgba(0, 0, 0, 0)\" class=\"has-inline-color has-white-color\">x<\/mark><\/p>","protected":false},"excerpt":{"rendered":"<p>Translate Page Le colloque se d\u00e9roulera dans les locaux de la Facult\u00e9 de G\u00e9ographie de l\u2019Universit\u00e9 de Bucarest (III\u00e8me \u00e9tage). Adresse: 1 Boulevard Nicolae Balcescu, Secteur 1, Code 010041, Bucarest, Roumanie (clicker sur l&rsquo;adresse) Arr\u00eats de bus : Piata 21<\/p>","protected":false},"author":1,"featured_media":0,"parent":0,"menu_order":0,"comment_status":"closed","ping_status":"closed","template":"","meta":{"footnotes":""},"class_list":["post-247","page","type-page","status-publish","hentry"],"_links":{"self":[{"href":"https:\/\/aic2023.geo.unibuc.ro\/en\/wp-json\/wp\/v2\/pages\/247","targetHints":{"allow":["GET"]}}],"collection":[{"href":"https:\/\/aic2023.geo.unibuc.ro\/en\/wp-json\/wp\/v2\/pages"}],"about":[{"href":"https:\/\/aic2023.geo.unibuc.ro\/en\/wp-json\/wp\/v2\/types\/page"}],"author":[{"embeddable":true,"href":"https:\/\/aic2023.geo.unibuc.ro\/en\/wp-json\/wp\/v2\/users\/1"}],"replies":[{"embeddable":true,"href":"https:\/\/aic2023.geo.unibuc.ro\/en\/wp-json\/wp\/v2\/comments?post=247"}],"version-history":[{"count":15,"href":"https:\/\/aic2023.geo.unibuc.ro\/en\/wp-json\/wp\/v2\/pages\/247\/revisions"}],"predecessor-version":[{"id":479,"href":"https:\/\/aic2023.geo.unibuc.ro\/en\/wp-json\/wp\/v2\/pages\/247\/revisions\/479"}],"wp:attachment":[{"href":"https:\/\/aic2023.geo.unibuc.ro\/en\/wp-json\/wp\/v2\/media?parent=247"}],"curies":[{"name":"wp","href":"https:\/\/api.w.org\/{rel}","templated":true}]}}