{"id":35,"date":"2022-10-18T21:39:50","date_gmt":"2022-10-18T21:39:50","guid":{"rendered":"https:\/\/aic2023.geo.unibuc.ro\/?page_id=35"},"modified":"2022-11-03T19:00:00","modified_gmt":"2022-11-03T19:00:00","slug":"themes","status":"publish","type":"page","link":"https:\/\/aic2023.geo.unibuc.ro\/en\/themes\/","title":{"rendered":"TOPICS"},"content":{"rendered":"<p class=\"has-text-align-center has-black-color has-pale-cyan-blue-background-color has-text-color has-background has-medium-font-size\"><strong>THEME AND TOPICS<\/strong><\/p>\n\n\n\n<p class=\"has-black-color has-text-color translation-block\">The general theme of the symposium is  <strong><em>Climate, Water and Society \u2013 Changes and Challenges. <\/em><\/strong>Within this general theme, several major topics have been defined, altogether covering various issues related to climate and water, as well as to their interactions with society and other components of the environment.<\/p>\n\n\n\n<p class=\"has-text-align-center has-black-color has-text-color\"><strong>&nbsp; <\/strong><strong>Topics&nbsp;<\/strong><\/p>\n\n\n\n<p class=\"has-black-color has-text-color\"><strong><em>1. Climate change, impacts, actions and adaptation<\/em><\/strong><\/p>\n\n\n\n<p class=\"has-black-color has-text-color\"><strong><em>2. Climatic and hydrological hazards: managing the associated risks<\/em><\/strong><\/p>\n\n\n\n<p class=\"has-black-color has-text-color\"><strong><em>3. Data acquisition, geomatics and modelling in climatology<\/em><\/strong><\/p>\n\n\n\n<p class=\"has-black-color has-text-color\"><strong><em>4. Climate and air quality in urban areas&nbsp;<\/em><\/strong><\/p>\n\n\n\n<p class=\"has-black-color has-text-color\"><strong><em>5. Climate, health and human well-being<\/em><\/strong><\/p>\n\n\n\n<p class=\"has-black-color has-text-color\"><strong><em>6. Climatic resources, <\/em><\/strong><strong><em>agroclimatology<\/em><\/strong><strong><em> and <\/em><\/strong><strong><em>topoclimatology<\/em><\/strong><strong><em>&nbsp;<\/em><\/strong><\/p>\n\n\n\n<p class=\"has-black-color has-text-color\"><strong><em>7. Water resources: current issues and challenges<\/em><\/strong><\/p>\n\n\n\n<p class=\"has-black-color has-text-color\"><strong><em>8. Climate and environmental changes on a regional scale<\/em><\/strong><\/p>\n\n\n\n<p class=\"has-black-color has-text-color\">N.B. New entries could also be taken into consideration.<\/p>\n\n\n\n<p class=\"has-text-align-center has-black-color has-pale-cyan-blue-background-color has-text-color has-background has-medium-font-size\"><strong>FORMS OF PARTICIPATION AND LANGUAGES<\/strong><\/p>\n\n\n<p><span style=\"color: #000000;\">Scientific communications can be held either by oral presentations or by posters, <b>in French or English<\/b><b>. <\/b><\/span><\/p>\n<p><span style=\"color: #000000;\"><b>The conference debates are expected to be attended in person<\/b><b>. <\/b>Depending on the health situation related to the COVID pandemic and on other potentially unforeseen circumstances, the format of the conference may be subject to change.<\/span><\/p>\n<p><span style=\"color: #000000;\"><b>All information on the current situation will be regularly updated on the conference website.<\/b><\/span><\/p>","protected":false},"excerpt":{"rendered":"<p>THEME GENERAL ET SOUS-THEMES Le colloque a pour th\u00e8me g\u00e9n\u00e9ral Climat, eau et soci\u00e9t\u00e9 &#8211; Changements et d\u00e9fis, au sein duquel plusieurs sous-th\u00e8mes ont \u00e9t\u00e9 d\u00e9finis, couvrant des sujets d\u2019int\u00e9r\u00eat li\u00e9s au climat et \u00e0 l\u2019eau, ainsi qu\u2019\u00e0 leurs interactions<\/p>","protected":false},"author":1,"featured_media":0,"parent":0,"menu_order":0,"comment_status":"closed","ping_status":"closed","template":"","meta":{"footnotes":""},"class_list":["post-35","page","type-page","status-publish","hentry"],"_links":{"self":[{"href":"https:\/\/aic2023.geo.unibuc.ro\/en\/wp-json\/wp\/v2\/pages\/35","targetHints":{"allow":["GET"]}}],"collection":[{"href":"https:\/\/aic2023.geo.unibuc.ro\/en\/wp-json\/wp\/v2\/pages"}],"about":[{"href":"https:\/\/aic2023.geo.unibuc.ro\/en\/wp-json\/wp\/v2\/types\/page"}],"author":[{"embeddable":true,"href":"https:\/\/aic2023.geo.unibuc.ro\/en\/wp-json\/wp\/v2\/users\/1"}],"replies":[{"embeddable":true,"href":"https:\/\/aic2023.geo.unibuc.ro\/en\/wp-json\/wp\/v2\/comments?post=35"}],"version-history":[{"count":11,"href":"https:\/\/aic2023.geo.unibuc.ro\/en\/wp-json\/wp\/v2\/pages\/35\/revisions"}],"predecessor-version":[{"id":270,"href":"https:\/\/aic2023.geo.unibuc.ro\/en\/wp-json\/wp\/v2\/pages\/35\/revisions\/270"}],"wp:attachment":[{"href":"https:\/\/aic2023.geo.unibuc.ro\/en\/wp-json\/wp\/v2\/media?parent=35"}],"curies":[{"name":"wp","href":"https:\/\/api.w.org\/{rel}","templated":true}]}}