{"id":46,"date":"2022-10-18T21:42:03","date_gmt":"2022-10-18T21:42:03","guid":{"rendered":"https:\/\/aic2023.geo.unibuc.ro\/?page_id=46"},"modified":"2023-06-27T08:45:39","modified_gmt":"2023-06-27T08:45:39","slug":"evenements","status":"publish","type":"page","link":"https:\/\/aic2023.geo.unibuc.ro\/en\/evenements\/","title":{"rendered":"SOCIAL EVENTS"},"content":{"rendered":"<p class=\"has-text-align-center has-black-color has-pale-cyan-blue-background-color has-text-color has-background has-medium-font-size\"><strong>SOCIAL EVENTS<\/strong><\/p>\n\n\n<p><\/p>\n\n\n<div class=\"wp-block-group is-layout-constrained wp-block-group-is-layout-constrained\">\n<div class=\"wp-block-group is-layout-constrained wp-block-group-is-layout-constrained\">\n<p><span style=\"color: #999999;\"><strong>MONDAY 3 July 2023, 07:00 PM<\/strong><\/span><\/p>\n<p><span lang=\"FR\" style=\"mso-ansi-language: FR;\"><span style=\"color: #000000;\"><strong>The cocktail of Monday evening will take place on the premises of the City Hall of Bucharest.<\/strong> The cocktail will be offered free of charge to those registered for the conference\u00a0<\/span><\/span><span style=\"color: #000000;\">(an invitation card to be presented at the entrance will be placed in the conference participants' briefcase).<\/span><\/p>\n<p><span style=\"color: #000000;\">Adress:<\/span> <a href=\"https:\/\/www.google.com\/maps\/place\/Bucharest+City+Hall\/@44.4359353,26.0938882,15.78z\/data=!4m6!3m5!1s0x40b1ff42e4ff0545:0x5b7f5c98c85fe329!8m2!3d44.4344622!4d26.0931862!16s%2Fg%2F1hb_fvjww?entry=ttu\">47 Boulevard Regina Elisabeta Nicolae Balcescu, District 5, Code 050013, Bucharest, Romania <\/a><span style=\"color: #000000;\">(click on the adress)<\/span><\/p>\n<p><span style=\"color: #000000;\">(15 minutes walking from the Faculty of Geography)<\/span><\/p>\n<p><span style=\"color: #ffffff;\">x<\/span><\/p>\n<p>\u00a0<\/p>\n<\/div>\n<\/div>\n\n\n<p><!-- \/wp:post-content --><\/p>\n<p><!-- wp:group {\"layout\":{\"type\":\"constrained\"}} --><\/p>\n<div class=\"wp-block-group\"><!-- wp:group {\"layout\":{\"type\":\"constrained\"}} -->\n<p>\u00a0<\/p>\n<div class=\"wp-block-group\"><!-- wp:freeform -->\n<p><span style=\"color: #999999;\"><strong>TUESDAY 4 July 2023, 07:00 PM<\/strong><\/span><\/p>\n<p><span style=\"color: #000000;\"><strong><span lang=\"FR\" style=\"mso-ansi-language: FR;\">The gala diner will take place at the restaurant Hanu' lui Manuc<\/span>.<\/strong> Tickets can be found in the conference map of those who have paid the  supplement of \u20ac50\/person).<\/span><\/p>\n<p><!-- \/wp:freeform --><!-- wp:paragraph --><\/p>\n<p><mark class=\"has-inline-color has-black-color\" style=\"background-color: rgba(0, 0, 0, 0);\"><span lang=\"FR\" style=\"mso-ansi-language: FR;\">Adress: <\/span><a href=\"https:\/\/www.google.com\/maps\/place\/Manuc's+Inn,+Str.+Francez%C4%83+62,+Bucure%C8%99ti+030167\/@44.4327647,26.0952574,16.04z\/data=!4m6!3m5!1s0x40b1ff3e27104cb7:0x317cdccd01e0419f!8m2!3d44.4295916!4d26.1019061!16zL20vMDUxejg2?entry=ttu\"><span lang=\"FR\" style=\"mso-ansi-language: FR;\">62-64 Francez\u0103 Street, District 3, Code 030106, Bucharest, Romania<\/span><\/a><span lang=\"FR\" style=\"mso-ansi-language: FR;\"> (click on the adress)<\/span><\/mark><\/p>\n<p><!-- \/wp:paragraph --><!-- wp:paragraph --><\/p>\n<p><mark class=\"has-inline-color has-black-color\" style=\"background-color: rgba(0, 0, 0, 0);\"><span lang=\"FR\" style=\"mso-ansi-language: FR;\">(20 minutes walking from the Faculty of Geography)<\/span><\/mark><\/p>\n<p><!-- \/wp:paragraph --><\/p>\n<p><!-- \/wp:group --><\/p>\n<\/div>\n<p><!-- \/wp:group --><\/p>\n<\/div>\n<p><!-- \/wp:group --><\/p>\n<p><!-- wp:paragraph {\"textColor\":\"black\"} --><\/p>\n<p class=\"has-black-color has-text-color\">\u00a0<\/p>\n<p><!-- \/wp:paragraph --><\/p>\n<p><!-- wp:paragraph --><\/p>\n<p><mark class=\"has-inline-color has-white-color\" style=\"background-color: rgba(0, 0, 0, 0);\">x<\/mark><\/p>\n<p><!-- \/wp:paragraph --><\/p>\n<p><!-- wp:paragraph --><\/p>\n<p><!-- \/wp:paragraph --><\/p>\n<p><!-- wp:group {\"layout\":{\"type\":\"constrained\"}} --><\/p>\n<div class=\"wp-block-group\"><!-- wp:paragraph -->\n<p><span style=\"color: #999999;\"><strong>THURSDAY 6 July 2023 - FRIDAY 7 July 2023<\/strong><\/span><\/p>\n<p><strong><mark class=\"has-inline-color has-black-color\" style=\"background-color: rgba(0, 0, 0, 0);\">Post-conference scientific and tourist  field-trip  \nin the Romanian Carpathians<\/mark> <\/strong><mark class=\"has-inline-color has-black-color\" style=\"background-color: rgba(0, 0, 0, 0);\">(for those who have\n     paid the supplement of \u20ac200\/person).<\/mark><\/p>\n<p><!-- \/wp:paragraph --><\/p>\n<p><!-- wp:paragraph --><\/p>\n<p><mark class=\"has-inline-color has-black-color\" style=\"background-color: rgba(0, 0, 0, 0);\">This scientific field-trip will take place on Thursday and Friday, July 6 \u2013 7, having as general itinerary: Bucure\u0219ti \u2013 Voine\u0219ti - C\u00e2mpulung Muscel - Bran - Bra\u015fov \u2013 Sinaia \u2013 Bucure\u0219ti. The fees paid by the participants cover: transportation (by bus), accommodation (one night), meals during the excursion (one dinner, one breakfast, two lunches) entrance and tickets to visit different places of interest.<\/mark><\/p>\n<p><!-- \/wp:paragraph --><\/p>\n<p><!-- wp:paragraph --><\/p>\n<p><mark class=\"has-inline-color has-black-color\" style=\"background-color: rgba(0, 0, 0, 0);\">Accommodation will be in the village of Bran, very close to the famous Bran Castle, in the Club Vila Bran tourist complex <strong>Club Vila Bran<\/strong><\/mark> (<a href=\"https:\/\/vilabran.ro\/en\/\">https:\/\/vilabran.ro\/en\/<\/a>; <a href=\"https:\/\/vilabran.ro\/en\/recreation-entertainment\">https:\/\/vilabran.ro\/en\/recreation-entertainment<\/a>) <mark class=\"has-inline-color has-black-color\" style=\"background-color: rgba(0, 0, 0, 0);\">which offers several leisure possibilities, including swimming pools (for those who are interested, a swimsuit will be useful).<\/mark><\/p>\n<p><!-- \/wp:paragraph --><\/p>\n<p><!-- wp:paragraph --><\/p>\n<p><mark class=\"has-inline-color has-black-color\" style=\"background-color: rgba(0, 0, 0, 0);\">The excursion program will include visits to scientific and tourist places: sites for hydro-meteorological measurements, cities of Bra\u015fov and Sinaia, Bran Castle and Pele\u0219 Castle in Sinaia.<\/mark><\/p>\n<p><!-- \/wp:paragraph --><\/p>\n<p><!-- wp:paragraph --><\/p>\n<p><mark class=\"has-inline-color has-black-color\" style=\"background-color: rgba(0, 0, 0, 0);\">All participants to the field-trip  are advised to \nbring appropriate clothing and shoes suitable \nfor walking both on the ground (not too steep!) and in the city. Generally, in this period, it is hot (20 - 22<sup>o<\/sup>C the average air temperature of July, but the maximum values can exceed 35<sup>o <\/sup>C) and sunny, but rains could occur.\u00a0<\/mark><\/p>\n<p><!-- \/wp:paragraph --><\/p>\n<p><!-- wp:paragraph --><\/p>\n<p><mark class=\"has-inline-color has-black-color\" style=\"background-color: rgba(0, 0, 0, 0);\">The return to Bucharest is scheduled around 8 p.m. (in the city center), but without being able to ensure this time with certainty. The return route passes through the airport and those interested can get off there (around 7:15 p.m.).<\/mark><\/p>\n<p><!-- \/wp:paragraph --><\/p>\n<\/div>\n<p><!-- \/wp:group --><\/p>","protected":false},"excerpt":{"rendered":"<p>EVENEMENTS SOCIAUX LUNDI 3 juillet 2023, 19 h Le cocktail de lundi soir aura lieu dans les locaux de la Mairie de Bucarest. Le cocktail sera offert gratuitement aux inscrits au colloque\u00a0(un carton d\u2019invitation \u00e0 pr\u00e9senter \u00e0 l\u2019entr\u00e9e sera remis<\/p>","protected":false},"author":1,"featured_media":0,"parent":0,"menu_order":0,"comment_status":"closed","ping_status":"closed","template":"","meta":{"footnotes":""},"class_list":["post-46","page","type-page","status-publish","hentry"],"_links":{"self":[{"href":"https:\/\/aic2023.geo.unibuc.ro\/en\/wp-json\/wp\/v2\/pages\/46","targetHints":{"allow":["GET"]}}],"collection":[{"href":"https:\/\/aic2023.geo.unibuc.ro\/en\/wp-json\/wp\/v2\/pages"}],"about":[{"href":"https:\/\/aic2023.geo.unibuc.ro\/en\/wp-json\/wp\/v2\/types\/page"}],"author":[{"embeddable":true,"href":"https:\/\/aic2023.geo.unibuc.ro\/en\/wp-json\/wp\/v2\/users\/1"}],"replies":[{"embeddable":true,"href":"https:\/\/aic2023.geo.unibuc.ro\/en\/wp-json\/wp\/v2\/comments?post=46"}],"version-history":[{"count":16,"href":"https:\/\/aic2023.geo.unibuc.ro\/en\/wp-json\/wp\/v2\/pages\/46\/revisions"}],"predecessor-version":[{"id":481,"href":"https:\/\/aic2023.geo.unibuc.ro\/en\/wp-json\/wp\/v2\/pages\/46\/revisions\/481"}],"wp:attachment":[{"href":"https:\/\/aic2023.geo.unibuc.ro\/en\/wp-json\/wp\/v2\/media?parent=46"}],"curies":[{"name":"wp","href":"https:\/\/api.w.org\/{rel}","templated":true}]}}