{"id":53,"date":"2022-10-18T21:45:14","date_gmt":"2022-10-18T21:45:14","guid":{"rendered":"https:\/\/aic2023.geo.unibuc.ro\/?page_id=53"},"modified":"2022-12-04T18:08:55","modified_gmt":"2022-12-04T18:08:55","slug":"news","status":"publish","type":"page","link":"https:\/\/aic2023.geo.unibuc.ro\/en\/news\/","title":{"rendered":"NEWS"},"content":{"rendered":"<p><span style=\"color: #ff0000;\"><strong>December 11, 2022 : <\/strong>Deadline extension for receipt of intent abstracts<\/span><\/p>","protected":false},"excerpt":{"rendered":"<p>11 d\u00e9cembre 2022 : Prolongation de la date limite de r\u00e9ception des r\u00e9sum\u00e9s d\u2019intention<\/p>","protected":false},"author":1,"featured_media":0,"parent":0,"menu_order":0,"comment_status":"closed","ping_status":"closed","template":"","meta":{"footnotes":""},"class_list":["post-53","page","type-page","status-publish","hentry"],"_links":{"self":[{"href":"https:\/\/aic2023.geo.unibuc.ro\/en\/wp-json\/wp\/v2\/pages\/53","targetHints":{"allow":["GET"]}}],"collection":[{"href":"https:\/\/aic2023.geo.unibuc.ro\/en\/wp-json\/wp\/v2\/pages"}],"about":[{"href":"https:\/\/aic2023.geo.unibuc.ro\/en\/wp-json\/wp\/v2\/types\/page"}],"author":[{"embeddable":true,"href":"https:\/\/aic2023.geo.unibuc.ro\/en\/wp-json\/wp\/v2\/users\/1"}],"replies":[{"embeddable":true,"href":"https:\/\/aic2023.geo.unibuc.ro\/en\/wp-json\/wp\/v2\/comments?post=53"}],"version-history":[{"count":3,"href":"https:\/\/aic2023.geo.unibuc.ro\/en\/wp-json\/wp\/v2\/pages\/53\/revisions"}],"predecessor-version":[{"id":359,"href":"https:\/\/aic2023.geo.unibuc.ro\/en\/wp-json\/wp\/v2\/pages\/53\/revisions\/359"}],"wp:attachment":[{"href":"https:\/\/aic2023.geo.unibuc.ro\/en\/wp-json\/wp\/v2\/media?parent=53"}],"curies":[{"name":"wp","href":"https:\/\/api.w.org\/{rel}","templated":true}]}}