{"id":7,"date":"2022-10-18T20:30:11","date_gmt":"2022-10-18T20:30:11","guid":{"rendered":"https:\/\/aic2023.geo.unibuc.ro\/?page_id=7"},"modified":"2022-11-06T21:28:02","modified_gmt":"2022-11-06T21:28:02","slug":"home","status":"publish","type":"page","link":"https:\/\/aic2023.geo.unibuc.ro\/en\/","title":{"rendered":""},"content":{"rendered":"<div class=\"wp-block-columns is-layout-flex wp-container-core-columns-is-layout-28f84493 wp-block-columns-is-layout-flex\">\n<div class=\"wp-block-column is-layout-flow wp-block-column-is-layout-flow\">\n<div class=\"wp-block-group alignfull has-pale-cyan-blue-background-color has-background is-vertical is-content-justification-center is-nowrap is-layout-flex wp-container-core-group-is-layout-d7b04dc7 wp-block-group-is-layout-flex\">\n<p class=\"has-text-align-center has-text-color\" style=\"color:#0a0651;font-size:30px\"> <\/p>\n\n\n\n<p class=\"has-text-align-center has-text-color\" style=\"color:#0a0651;font-size:30px\"><strong><em>Climate, water and society: Changes and challenges<\/em><\/strong><\/p>\n\n\n\n<p><\/p>\n\n\n\n<p class=\"has-text-align-center has-text-color has-medium-font-size\" style=\"color:#0a0651\"><strong>3 - 7 July 2023<\/strong><\/p>\n\n\n\n<p class=\"has-text-align-center has-text-color has-medium-font-size\" style=\"color:#0a0651\"><strong>Bucharest, Romania<\/strong><\/p>\n<\/div>\n<\/div>\n<\/div>\n\n\n\n<div class=\"wp-block-columns is-layout-flex wp-container-core-columns-is-layout-28f84493 wp-block-columns-is-layout-flex\">\n<div class=\"wp-block-column is-vertically-aligned-center is-layout-flow wp-block-column-is-layout-flow\">\n<p class=\"has-text-align-center has-black-color has-text-color\" style=\"font-size:16px\"><strong>Organized under the auspices of the \nInternational Association of Climatology<\/strong><\/p>\n<\/div>\n\n\n\n<div class=\"wp-block-column is-vertically-aligned-center is-layout-flow wp-block-column-is-layout-flow\">\n<figure class=\"wp-block-image aligncenter size-medium is-resized\"><img loading=\"lazy\" decoding=\"async\" src=\"https:\/\/aic2023.geo.unibuc.ro\/wp-content\/uploads\/2022\/10\/AIC-300x101.jpg\" alt=\"\" class=\"wp-image-69\" width=\"225\" height=\"76\" srcset=\"https:\/\/aic2023.geo.unibuc.ro\/wp-content\/uploads\/2022\/10\/AIC-300x101.jpg 300w, https:\/\/aic2023.geo.unibuc.ro\/wp-content\/uploads\/2022\/10\/AIC.jpg 387w\" sizes=\"auto, (max-width: 225px) 100vw, 225px\" \/><\/figure>\n<\/div>\n<\/div>\n\n\n\n<div class=\"wp-block-columns is-layout-flex wp-container-core-columns-is-layout-28f84493 wp-block-columns-is-layout-flex\">\n<div class=\"wp-block-column is-layout-flow wp-block-column-is-layout-flow\">\n<figure class=\"wp-block-image aligncenter size-medium\"><img loading=\"lazy\" decoding=\"async\" width=\"300\" height=\"192\" src=\"https:\/\/aic2023.geo.unibuc.ro\/wp-content\/uploads\/2022\/10\/Foto-FG-300x192.jpg\" alt=\"\" class=\"wp-image-181\" srcset=\"https:\/\/aic2023.geo.unibuc.ro\/wp-content\/uploads\/2022\/10\/Foto-FG-300x192.jpg 300w, https:\/\/aic2023.geo.unibuc.ro\/wp-content\/uploads\/2022\/10\/Foto-FG-1024x654.jpg 1024w, https:\/\/aic2023.geo.unibuc.ro\/wp-content\/uploads\/2022\/10\/Foto-FG-768x491.jpg 768w, https:\/\/aic2023.geo.unibuc.ro\/wp-content\/uploads\/2022\/10\/Foto-FG-1536x981.jpg 1536w, https:\/\/aic2023.geo.unibuc.ro\/wp-content\/uploads\/2022\/10\/Foto-FG-2048x1309.jpg 2048w\" sizes=\"auto, (max-width: 300px) 100vw, 300px\" \/><\/figure>\n<\/div>\n\n\n\n<div class=\"wp-block-column is-layout-flow wp-block-column-is-layout-flow\">\n<p style=\"text-align: center;\"><span style=\"color: #000000;\"><strong>by<\/strong><\/span><\/p>\n<p style=\"text-align: center;\"><span style=\"color: #000000;\"><b>\u00a0University of Bucharest \/ Faculty of Geography \/ <\/b><\/span><\/p>\n<p style=\"text-align: center;\"><span style=\"color: #000000;\"><b>Department of Meteorology - Hydrology<\/b><\/span><\/p>\n<p>\u00a0 \u00a0 <img loading=\"lazy\" decoding=\"async\" class=\"wp-image-111 alignnone\" src=\"https:\/\/aic2023.geo.unibuc.ro\/wp-content\/uploads\/2022\/10\/Logo-UB-orizontal-franceza-ALBASTRU-280C-300x143.png\" alt=\"\" width=\"168\" height=\"80\" srcset=\"https:\/\/aic2023.geo.unibuc.ro\/wp-content\/uploads\/2022\/10\/Logo-UB-orizontal-franceza-ALBASTRU-280C-300x143.png 300w, https:\/\/aic2023.geo.unibuc.ro\/wp-content\/uploads\/2022\/10\/Logo-UB-orizontal-franceza-ALBASTRU-280C-1024x488.png 1024w, https:\/\/aic2023.geo.unibuc.ro\/wp-content\/uploads\/2022\/10\/Logo-UB-orizontal-franceza-ALBASTRU-280C-768x366.png 768w, https:\/\/aic2023.geo.unibuc.ro\/wp-content\/uploads\/2022\/10\/Logo-UB-orizontal-franceza-ALBASTRU-280C-1536x732.png 1536w, https:\/\/aic2023.geo.unibuc.ro\/wp-content\/uploads\/2022\/10\/Logo-UB-orizontal-franceza-ALBASTRU-280C-2048x975.png 2048w, https:\/\/aic2023.geo.unibuc.ro\/wp-content\/uploads\/2022\/10\/Logo-UB-orizontal-franceza-ALBASTRU-280C-642x300.png 642w\" sizes=\"auto, (max-width: 168px) 100vw, 168px\" \/>\u00a0 \u00a0 \u00a0 \u00a0 \u00a0 \u00a0 \u00a0 \u00a0 \u00a0 \u00a0 \u00a0 <img loading=\"lazy\" decoding=\"async\" class=\"wp-image-116 alignnone\" src=\"https:\/\/aic2023.geo.unibuc.ro\/wp-content\/uploads\/2022\/10\/Sigla-FG-edited-e1667210856160.jpg\" alt=\"\" width=\"106\" height=\"73\" \/><\/p>\n<\/div>\n<\/div>\n\n\n\n<p class=\"has-black-color has-text-color\">Climate change, population growth, urban expansion, land cover modifications and the accelerated development of economic activities are but some of the many evident transformations that have affected our planet in recent decades, with significant societal and environmental impacts. These changes have caused alterations in the atmospheric and aquatic environments, threatening their sustainability. Moreover, extreme hydro-meteorological events, which seem to have increased in frequency and intensity in recent years, have caused significant, sometimes catastrophic human, economic and environmental damage.<\/p>\n\n\n\n<p class=\"has-black-color has-text-color\">Under these circumstances, reducing the air and water environment \u2013 related risks and ensuring their sustainability are major challenges of contemporary society. Consequently, climate and water are the main concerns of two of the 17 major Sustainable Development Goals (SDGs) adopted in 2015 by the United Nations as part of <a href=\"https:\/\/undocs.org\/fr\/A\/RES\/70\/1\" target=\"_blank\" rel=\"noreferrer noopener\"><em>The 2030 Agenda for Sustainable Development<\/em><\/a>, namely the 6 (Water and sanitation) and 13 (Climate change). Research plays a major role in providing relevant scientific information, thus helping to find adequate and effective solutions to hydro-climatic issues and to achieve these objectives.<\/p>\n\n\n\n<p class=\"has-black-color has-text-color translation-block\">In this context, <strong> the 36th Conference of the International Association of Climatology<\/strong>*, with the general theme <strong><em>Climate, water and society: Changes and challenges<\/em><\/strong>, creates a new opportunity to disseminate the results of current research in the field of climatology, hydrology and other related sciences. This scientific event is a good opportunity to bring together researchers\/professionals\/specialists\/managers from different institutions and countries, thus favouring the development of inter-institutional and international cooperation.<\/p>\n\n\n\n<p class=\"has-black-color has-text-color\">* <strong>International Association of Climatology<\/strong><\/p>\n\n\n\n<p class=\"has-black-color has-text-color\">The International Association of Climatology (in French, l\u2019Association Internationale de Climatologie - AIC) is a professional, non-profit organization joining researchers, academics, specialists and professionals in the field of climatology from all over the world. It aims to develop the relationships between specialists in climatology and related fields by promoting: exchanges of information\/knowledges\/experiences; scientific activities common to the association members; meetings and conferences; publications of scientific works.<\/p>\n\n\n\n<p class=\"has-black-color has-text-color\">The International Association of Climatology was set up in 1988 and initially the French was the main working language. Later on, as relationships among climatologists became more numerous, the English has been introduced in scientific presentations and publications within AIC that thus extended beyond the francophone area, actively promoting worldwide cooperation on climate-related issues.<\/p>\n\n\n\n<p class=\"has-black-color has-text-color\">Each year, AIC organizes an international scientific conference which is alternatively held in France and in one of the countries with active members in the association. The previous AIC conference was held in Toulouse (on 6 \u2013 9 July 2022) and it was jointly organized by M\u00e9t\u00e9o-France and the University Toulouse III (<a href=\"https:\/\/aic2023.geo.unibuc.ro\/wp-content\/uploads\/2022\/11\/The-35th-AIC-conference-Toulouse.docx\" target=\"_blank\" rel=\"noreferrer noopener\">LINK<\/a>).<\/p>\n\n\n\n<p class=\"has-black-color has-text-color\">For more information on AIC, please see the website : <a href=\"http:\/\/www.climato.be\/aic\/\" target=\"_blank\" rel=\"noreferrer noopener\">http:\/\/www.climato.be\/aic\/<\/a>.<\/p>\n\n\n\n<p><\/p>","protected":false},"excerpt":{"rendered":"<p>Climat, eau et soci\u00e9t\u00e9 : changements et d\u00e9fis 3 \u2013 7 Juillet 2023 Bucarest, Roumanie Organis\u00e9 sous l\u2019\u00e9gide de l\u2019Association Internationale de Climatologie (AIC) par \u00a0l\u2019Universit\u00e9 de Bucarest \/ Facult\u00e9 de G\u00e9ographie \/ D\u00e9partement de M\u00e9t\u00e9orologie \u2013 Hydrologie \u00a0 \u00a0<\/p>","protected":false},"author":1,"featured_media":25,"parent":0,"menu_order":0,"comment_status":"closed","ping_status":"closed","template":"","meta":{"footnotes":""},"class_list":["post-7","page","type-page","status-publish","has-post-thumbnail","hentry"],"_links":{"self":[{"href":"https:\/\/aic2023.geo.unibuc.ro\/en\/wp-json\/wp\/v2\/pages\/7","targetHints":{"allow":["GET"]}}],"collection":[{"href":"https:\/\/aic2023.geo.unibuc.ro\/en\/wp-json\/wp\/v2\/pages"}],"about":[{"href":"https:\/\/aic2023.geo.unibuc.ro\/en\/wp-json\/wp\/v2\/types\/page"}],"author":[{"embeddable":true,"href":"https:\/\/aic2023.geo.unibuc.ro\/en\/wp-json\/wp\/v2\/users\/1"}],"replies":[{"embeddable":true,"href":"https:\/\/aic2023.geo.unibuc.ro\/en\/wp-json\/wp\/v2\/comments?post=7"}],"version-history":[{"count":67,"href":"https:\/\/aic2023.geo.unibuc.ro\/en\/wp-json\/wp\/v2\/pages\/7\/revisions"}],"predecessor-version":[{"id":351,"href":"https:\/\/aic2023.geo.unibuc.ro\/en\/wp-json\/wp\/v2\/pages\/7\/revisions\/351"}],"wp:featuredmedia":[{"embeddable":true,"href":"https:\/\/aic2023.geo.unibuc.ro\/en\/wp-json\/wp\/v2\/media\/25"}],"wp:attachment":[{"href":"https:\/\/aic2023.geo.unibuc.ro\/en\/wp-json\/wp\/v2\/media?parent=7"}],"curies":[{"name":"wp","href":"https:\/\/api.w.org\/{rel}","templated":true}]}}